{"id":5391,"date":"2021-03-23T13:14:34","date_gmt":"2021-03-23T12:14:34","guid":{"rendered":"https:\/\/www.portoselvaggioresort.it\/?page_id=5391"},"modified":"2021-03-29T16:02:16","modified_gmt":"2021-03-29T14:02:16","slug":"home","status":"publish","type":"page","link":"https:\/\/www.portoselvaggioresort.it\/fr\/","title":{"rendered":"Home"},"content":{"rendered":"<div class=\"wpb-content-wrapper\"><p>[vc_row][vc_column][rev_slider_vc alias=\u00a0\u00bbmain-home\u00a0\u00bb][\/vc_column][vc_column el_class=\u00a0\u00bbbe_virgil\u00a0\u00bb][vc_column_text el_id=\u00a0\u00bbbe-section\u00a0\u00bb]<div id=\"formEstimater\" class=\"grid\"><\/div><script type=\"text\/javascript\">\n               window.addEventListener(\"load\", function(event) {\n                  Estimater.init({\n                    selector: \"formEstimater\",\n                    urldomain: \"https:\/\/virgil.portoselvaggioresort.it\",\n                    payment: 0,\n                    image: 0,\n                    setTreatment: 1,\n                    showDay: \"7\",\n                    showDayFrom: \"2024-05-27\",\n                    showDayTo: \"2024-09-30\",\n                    siteName: \"Porto Selvaggio Resort\"\n                  });\n                });    \n    <\/script>[\/vc_column_text][\/vc_column][\/vc_row][vc_row content_width=\u00a0\u00bbgrid\u00a0\u00bb css=\u00a0\u00bb.vc_custom_1614348692811{padding-top: 100px !important;padding-bottom: 100px !important;}\u00a0\u00bb][vc_column][vc_column_text]<\/p>\n<h2 class=\"default-title\" style=\"text-align: center;\">PORTO SELVAGGIO RESORT<\/h2>\n<p class=\"slogan\" style=\"text-align: center;\"><em>\u00ab\u00a0Vos vacances ne sera pas un r\u00eave\u00a0\u00bb<\/em><\/p>\n<p style=\"text-align: center;\">Le Village Touristique Portoselvaggio, plac\u00e9 sur la sommit\u00e9 de Torre Inserraglio, surplombe sur la c<strong>\u00f4<\/strong>te Ionienne de Gallipoli \u00e0 Porto Cesareo.<br \/>\nLe Village Touristique Portoselvaggio compte 107 logements diff\u00e9rentes par typologie et dimensions, une \u00e9l\u00e9gante r\u00e9ception \u00a0avec hall d\u2019accueil, salle TV, bar, salle pour le petit d\u00e9jeuner, piscine panoramique avec jacuzzi et solarium, centre spa, zones vertes spacieuses, amphith\u00e9\u00e2tre.<\/p>\n<p>[\/vc_column_text][\/vc_column][\/vc_row][vc_row el_id=\u00a0\u00bbreverse\u00a0\u00bb][vc_column width=\u00a0\u00bb1\/2&Prime; el_class=\u00a0\u00bbpadding_100_500 bg_1&Prime;][vc_column_text]<\/p>\n<h2 style=\"text-align: center;\">APPARTEMENTS<\/h2>\n<p style=\"text-align: center;\">Les <strong>appartements<\/strong> du <strong>Village Touristique<\/strong> \u00e0 Porto Selvaggio sont \u00e9quip\u00e9s de tous les conforts pour vous faire vivre une vacance de relax et divertissement, dans l\u2019un des coin les plus saisissants du <strong>Salento<\/strong>.<\/p>\n<p>[\/vc_column_text]<a href=\"\/fr\/appartaments\" target=\"_self\"  class=\"mkdf-btn mkdf-btn-medium mkdf-btn-outline button mkdf-btn-hover-solid\"  >\n\t<span class=\"mkdf-btn-text\">EN SAVOIR PLUS<\/span>\n\t\n\t\t\t<span class=\"mkdf-btn-helper\" ><\/span>\n\t<\/a>[\/vc_column][vc_column width=\u00a0\u00bb1\/2&Prime; el_class=\u00a0\u00bbimg_chess_500&Prime;][vc_single_image image=\u00a0\u00bb5140&Prime; img_size=\u00a0\u00bbfull\u00a0\u00bb alignment=\u00a0\u00bbcenter\u00a0\u00bb][\/vc_column][\/vc_row][vc_row][vc_column width=\u00a0\u00bb1\/2&Prime; el_class=\u00a0\u00bbimg_chess_500&Prime;][vc_single_image image=\u00a0\u00bb5153&Prime; img_size=\u00a0\u00bbfull\u00a0\u00bb alignment=\u00a0\u00bbcenter\u00a0\u00bb][\/vc_column][vc_column width=\u00a0\u00bb1\/2&Prime; el_class=\u00a0\u00bbpadding_100_500 bg_2&Prime;][vc_column_text]<\/p>\n<h2 style=\"text-align: center;\">SERVICES<\/h2>\n<p style=\"text-align: center;\">Le Village Touristique Portoselvaggio met \u00e0 disposition de ses h\u00f4tes une s\u00e9rie de services exclusifs pour vivre une vacance de divertissement et relax.<\/p>\n<p>[\/vc_column_text]<a href=\"\/fr\/services-tout-compris-salento\/\" target=\"_self\"  class=\"mkdf-btn mkdf-btn-medium mkdf-btn-outline button mkdf-btn-hover-solid\"  >\n\t<span class=\"mkdf-btn-text\">EN SAVOIR PLUS<\/span>\n\t\n\t\t\t<span class=\"mkdf-btn-helper\" ><\/span>\n\t<\/a>[\/vc_column][\/vc_row][vc_row el_id=\u00a0\u00bbreverse\u00a0\u00bb][vc_column width=\u00a0\u00bb1\/2&Prime; el_class=\u00a0\u00bbpadding_100_500 bg_3&Prime;][vc_column_text]<\/p>\n<h2 style=\"text-align: center;\">SPA<\/h2>\n<p style=\"text-align: center;\">Dans la localit\u00e9 touristique de Torre Inserraglio il y a le <strong>Spa Phito Thalasso<\/strong>, un centre de bien \u00eatre dont les \u00e9quipements sont \u00e0 l\u2019avant-garde.<\/p>\n<p>[\/vc_column_text]<a href=\"\/fr\/spa-en-salento\/\" target=\"_self\"  class=\"mkdf-btn mkdf-btn-medium mkdf-btn-outline button mkdf-btn-hover-solid\"  >\n\t<span class=\"mkdf-btn-text\">EN SAVOIR PLUS<\/span>\n\t\n\t\t\t<span class=\"mkdf-btn-helper\" ><\/span>\n\t<\/a>[vc_row_inner][vc_column_inner offset=\u00a0\u00bbvc_hidden-lg vc_hidden-md\u00a0\u00bb][vc_empty_space height=\u00a0\u00bb50px\u00a0\u00bb][\/vc_column_inner][\/vc_row_inner][\/vc_column][vc_column width=\u00a0\u00bb1\/2&Prime; el_class=\u00a0\u00bbimg_chess_500&Prime;][vc_single_image image=\u00a0\u00bb5142&Prime; img_size=\u00a0\u00bbfull\u00a0\u00bb alignment=\u00a0\u00bbcenter\u00a0\u00bb][\/vc_column][\/vc_row][vc_row row_type=\u00a0\u00bbparallax\u00a0\u00bb content_aligment=\u00a0\u00bbcenter\u00a0\u00bb full_screen_section_height=\u00a0\u00bbno\u00a0\u00bb parallax_background_image=\u00a0\u00bb5044&Prime; parallax_speed=\u00a0\u00bb1&Prime; css=\u00a0\u00bb.vc_custom_1614677656800{padding-top: 150px !important;padding-bottom: 150px !important;}\u00a0\u00bb el_id=\u00a0\u00bbback_parallax\u00a0\u00bb][vc_column offset=\u00a0\u00bbvc_hidden-xs\u00a0\u00bb]<div class=\"mkdf-elements-holder mkdf-responsive-mode-768\" ><div class=\"mkdf-eh-item mkdf-horizontal-alignment-center\"   data-item-class=\"mkdf-eh-custom-880513\" data-1280-1600=\"21px 17% 0 17%\" data-1024-1280=\"21px 13% 0 13%\" data-768-1024=\"21px 7% 0 7%\" data-600-768=\"21px 7% 0 7%\" data-480-600=\"21px 5% 0 5%\" data-480=\"21px 5% 0 5%\">\n\t<div class=\"mkdf-eh-item-inner\">\n\t\t<div class=\"mkdf-eh-item-content mkdf-eh-custom-880513\" style=\"padding: 21px 25% 0 25%\">\n\t\t\t\n<h6 class=\"mkdf-custom-font-holder\" style=\"color: #ffffff\">\n<\/h6>\t\t<\/div>\n\t<\/div>\n<\/div><\/div>[vc_empty_space height=\u00a0\u00bb36&Prime;][\/vc_column][\/vc_row][vc_row row_type=\u00a0\u00bbparallax\u00a0\u00bb content_aligment=\u00a0\u00bbcenter\u00a0\u00bb full_screen_section_height=\u00a0\u00bbno\u00a0\u00bb css=\u00a0\u00bb.vc_custom_1614696254841{padding-top: 90px !important;padding-bottom: 80px !important;}\u00a0\u00bb][vc_column][vc_column_text]<\/p>\n<h2>PORTO SELVAGGIO<\/h2>\n<p>[\/vc_column_text]<div class=\"mkdf-elements-holder mkdf-responsive-mode-768\" ><div class=\"mkdf-eh-item mkdf-horizontal-alignment-center\"   data-item-class=\"mkdf-eh-custom-303096\" data-1280-1600=\"21px 17% 0 17%\" data-1024-1280=\"21px 13% 0 13%\" data-768-1024=\"21px 7% 0 7%\" data-600-768=\"21px 7% 0 7%\" data-480-600=\"21px 5% 0 5%\" data-480=\"21px 5% 0 5%\">\n\t<div class=\"mkdf-eh-item-inner\">\n\t\t<div class=\"mkdf-eh-item-content mkdf-eh-custom-303096\" style=\"padding: 21px 25% 0 25%\">\n\t\t\t\n<p class=\"mkdf-custom-font-holder\" style=\"font-size: 18px\" data-font-size= 18>\nSalento est une terre riche de merveilles. Il y a plusieurs Oasis immerg\u00e9es dans le vert, dont on peut mentionner : le Parc de Porto Selvaggio et la Palude del Capitano (Mar\u00e9cage du Capitaine), appartenant au territoire de Nard\u00f2.<\/p>\t\t<\/div>\n\t<\/div>\n<\/div><\/div><a href=\"\/fr\/porto-selvaggio\" target=\"_self\"  class=\"mkdf-btn mkdf-btn-medium mkdf-btn-outline mkdf-btn-custom-hover-bg mkdf-btn-custom-border-hover button mkdf-btn-hover-solid\"  data-hover-border-color=\"#363636\" >\n\t<span class=\"mkdf-btn-text\">EN SAVOIR PLUS<\/span>\n\t\n\t\t\t<span class=\"mkdf-btn-helper\" style=\"background-color: #363636\"><\/span>\n\t<\/a>[\/vc_column][\/vc_row][vc_row row_type=\u00a0\u00bbparallax\u00a0\u00bb content_aligment=\u00a0\u00bbcenter\u00a0\u00bb full_screen_section_height=\u00a0\u00bbno\u00a0\u00bb parallax_background_image=\u00a0\u00bb5044&Prime; parallax_speed=\u00a0\u00bb1&Prime; css=\u00a0\u00bb.vc_custom_1614677746239{padding-top: 150px !important;padding-bottom: 150px !important;}\u00a0\u00bb el_id=\u00a0\u00bbback_parallax\u00a0\u00bb][vc_column offset=\u00a0\u00bbvc_hidden-xs\u00a0\u00bb]<div class=\"mkdf-elements-holder mkdf-responsive-mode-768\" ><div class=\"mkdf-eh-item mkdf-horizontal-alignment-center\"   data-item-class=\"mkdf-eh-custom-998375\" data-1280-1600=\"21px 17% 0 17%\" data-1024-1280=\"21px 13% 0 13%\" data-768-1024=\"21px 7% 0 7%\" data-600-768=\"21px 7% 0 7%\" data-480-600=\"21px 5% 0 5%\" data-480=\"21px 5% 0 5%\">\n\t<div class=\"mkdf-eh-item-inner\">\n\t\t<div class=\"mkdf-eh-item-content mkdf-eh-custom-998375\" style=\"padding: 21px 25% 0 25%\">\n\t\t\t\n<h6 class=\"mkdf-custom-font-holder\" style=\"color: #ffffff\">\n<\/h6>\t\t<\/div>\n\t<\/div>\n<\/div><\/div>[vc_empty_space height=\u00a0\u00bb36&Prime;][\/vc_column][\/vc_row][vc_row content_width=\u00a0\u00bbgrid\u00a0\u00bb css=\u00a0\u00bb.vc_custom_1614614216871{padding-top: 50px !important;padding-bottom: 80px !important;background-image: url(https:\/\/www.portoselvaggioresort.it\/wp-content\/uploads\/2021\/03\/banner-newsletter.jpg?id=5054) !important;background-position: center !important;background-repeat: no-repeat !important;background-size: cover !important;}\u00a0\u00bb el_id=\u00a0\u00bbnewsletter_home\u00a0\u00bb][vc_column width=\u00a0\u00bb1\/4&Prime; offset=\u00a0\u00bbvc_hidden-sm vc_hidden-xs\u00a0\u00bb][\/vc_column][vc_column width=\u00a0\u00bb3\/4&Prime; offset=\u00a0\u00bbvc_col-xs-12&Prime;][vc_column_text]<\/p>\n<h3 style=\"color: white; padding: 0 0 5px 15px;\">Inscrivez-vous \u00e0 notre newsletter pour rester au courant des offres!<\/h3>\n<p>[\/vc_column_text]\n<div class=\"wpcf7 no-js\" id=\"wpcf7-f5803-o1\" lang=\"it-IT\" dir=\"ltr\" data-wpcf7-id=\"5803\">\n<div class=\"screen-reader-response\"><p role=\"status\" aria-live=\"polite\" aria-atomic=\"true\"><\/p> <ul><\/ul><\/div>\n<form action=\"\/fr\/wp-json\/wp\/v2\/pages\/5391#wpcf7-f5803-o1\" method=\"post\" class=\"wpcf7-form init\" aria-label=\"Modulo di contatto\" novalidate=\"novalidate\" data-status=\"init\">\n<fieldset class=\"hidden-fields-container\"><input type=\"hidden\" name=\"_wpcf7\" value=\"5803\" \/><input type=\"hidden\" name=\"_wpcf7_version\" value=\"6.1.5\" \/><input type=\"hidden\" name=\"_wpcf7_locale\" value=\"it_IT\" \/><input type=\"hidden\" name=\"_wpcf7_unit_tag\" value=\"wpcf7-f5803-o1\" \/><input type=\"hidden\" name=\"_wpcf7_container_post\" value=\"0\" \/><input type=\"hidden\" name=\"_wpcf7_posted_data_hash\" value=\"\" \/><input type=\"hidden\" name=\"_wpcf7_recaptcha_response\" value=\"\" \/>\n<\/fieldset>\n<div class=\"row\">\n\t<div class=\"mkdf-grid-col-4\">\n\t\t<p><label><span class=\"wpcf7-form-control-wrap\" data-name=\"nome\"><input size=\"40\" maxlength=\"400\" class=\"wpcf7-form-control wpcf7-text wpcf7-validates-as-required\" aria-required=\"true\" aria-invalid=\"false\" placeholder=\"Nom et pr\u00e9nom\" value=\"\" type=\"text\" name=\"nome\" \/><\/span> <\/label>\n\t\t<\/p>\n\t<\/div>\n\t<div class=\"mkdf-grid-col-4\">\n\t\t<p><label><span class=\"wpcf7-form-control-wrap\" data-name=\"email\"><input size=\"40\" maxlength=\"400\" class=\"wpcf7-form-control wpcf7-email wpcf7-validates-as-required wpcf7-text wpcf7-validates-as-email\" aria-required=\"true\" aria-invalid=\"false\" placeholder=\"Email\" value=\"\" type=\"email\" name=\"email\" \/><\/span> <\/label>\n\t\t<\/p>\n\t<\/div>\n\t<div class=\"mkdf-grid-col-4\">\n\t\t<p><span style=\"margin: auto;display: block;width: max-content; \"><input class=\"wpcf7-form-control wpcf7-submit has-spinner\" type=\"submit\" value=\"S&#039;abonner\" \/><\/span>\n\t\t<\/p>\n\t<\/div>\n\t<div class=\"mkdf-grid-col-12\">\n\t\t<p><label style=\"color:#fff;\"><span class=\"wpcf7-form-control-wrap\" data-name=\"acceptance-693\"><span class=\"wpcf7-form-control wpcf7-acceptance optional\"><span class=\"wpcf7-list-item\"><input type=\"checkbox\" name=\"acceptance-693\" value=\"1\" aria-invalid=\"false\" \/><\/span><\/span><\/span> Yes, I want to subscribe to the newsletter to receive exclusive offers of Porto Selvaggio Resort. Pour ce consentement pr\u00e9coce \u00e0 la <a href=\"https:\/\/app.legalblink.it\/api\/documents\/648c39dc1660eb001a16f54f\/privacy-policy-per-siti-web-o-e-commerce-fr\" target=\"_blank\" style=\"color:#fff;\" rel=\"nofollow\">traitement des donn\u00e9es personnelles<\/a>.<\/label>\n\t\t<\/p>\n\t<\/div>\n<\/div>\n<div id=\"mailupformblock\" style=\"display:none;\"><input type=\"hidden\" name=\"up_host\" value=\"aHR0cHM6Ly9lbnZpc2lvbmdyb3VwLmVtYWlsc3AuY29tL2Zyb250ZW5kL3N1YnNjcmliZS5hc3B4\"><input type=\"hidden\" name=\"up_list\" value=\"13\"><input type=\"hidden\" name=\"up_group\" value=\"80\"><input type=\"hidden\" name=\"up_email\" value=\"email\"><input type=\"hidden\" name=\"up_check\" value=\"acceptance-693\"><input type=\"hidden\" name=\"up_name1\" value=\"nome\"><input type=\"hidden\" name=\"up_confirm\" value=\"off\"><\/div><div class=\"wpcf7-response-output\" aria-hidden=\"true\"><\/div>\n<\/form>\n<\/div>\n[\/vc_column][\/vc_row][vc_row css=\u00a0\u00bb.vc_custom_1614618153895{padding-top: 105px !important;padding-bottom: 119px !important;background-image: url(https:\/\/www.portoselvaggioresort.it\/wp-content\/uploads\/2021\/03\/recensioni.png?id=5068) !important;background-position: center !important;background-repeat: no-repeat !important;background-size: contain !important;}\u00a0\u00bb el_id=\u00a0\u00bbtestimonials\u00a0\u00bb][vc_column]<div class=\"mkdf-elements-holder mkdf-responsive-mode-768\" ><div class=\"mkdf-eh-item mkdf-horizontal-alignment-center\"   data-item-class=\"mkdf-eh-custom-936894\" data-1280-1600=\"0% 23% 0% 23%\" data-1024-1280=\"0% 18% 0% 18%\" data-768-1024=\"0% 12% 0% 12%\" data-600-768=\"0% 5% 0% 5%\" data-480-600=\"0% 5% 0% 5%\" data-480=\"0% 5% 0% 5%\">\n\t<div class=\"mkdf-eh-item-inner\">\n\t\t<div class=\"mkdf-eh-item-content mkdf-eh-custom-936894\" style=\"padding: 0% 29% 0% 29%\">\n\t\t\t[vc_column_text]<\/p>\n<h2 style=\"text-align: center;\">\u00c0 PROPOS DE NOUS<\/h2>\n<p>[\/vc_column_text]<div class=\"mkdf-testimonials-holder clearfix dark\"><div class=\"mkdf-testimonials testimonials-slider\" >Sorry, no posts matched your criteria.<\/div><\/div>\t\t<\/div>\n\t<\/div>\n<\/div><\/div>[\/vc_column][\/vc_row][vc_row][vc_column width=\u00a0\u00bb1\/2&Prime; el_class=\u00a0\u00bbimg_chess_500&Prime;][vc_column_text]<iframe loading=\"lazy\" style=\"border: 0;\" src=\"https:\/\/www.google.com\/maps\/embed?pb=!1m14!1m8!1m3!1d163958.1053149469!2d17.853955419312523!3d40.21874336055983!3m2!1i1024!2i768!4f13.1!3m3!1m2!1s0x0%3A0x19f9b843630e2c6c!2sPortoselvaggio%20Resort%20-%20Contrada%20Sciogli-Nardo'%20(le)!5e0!3m2!1sit!2sit!4v1614336721409!5m2!1sit!2sit\" width=\"100%\" height=\"500\" allowfullscreen=\"allowfullscreen\"><\/iframe>[\/vc_column_text][\/vc_column][vc_column width=\u00a0\u00bb1\/2&Prime; el_class=\u00a0\u00bbpadding_100_500&Prime;][vc_column_text]<\/p>\n<h3><strong>O\u00da SOMMES NOUS<\/strong><\/h3>\n<p><strong>Hotel Residence Portoselvaggio<\/strong><br \/>\nLitoranea S.Isidoro \u2013 S.Caterina<br \/>\nC.da Sciogli \u2013 Torre Inserraglio<br \/>\n73048 Nard\u00f2 (LE)<\/p>\n<p><strong>EN AVION<\/strong><br \/>\nBari \u201cKarol Wojtyla\u201d<br \/>\nBrindisi \u201cAeroporto del Salento\u201d<\/p>\n<p><strong>EN TRAIN<\/strong><br \/>\nGare de LECCE \u2013&gt; Transfert gare-Village Touristique Portoselvaggio<\/p>\n<p><strong>EN VOITURE<\/strong><br \/>\nAutoroute BARI \u2013 BRINDISI \u2013 LECCE \u2013&gt; Autoroute LECCE \u2013 GALLIPOLI (Uscita Nard\u00f2) \u2013&gt; Route Provinciale Nard\u00f2 \u2013 Torre Inserraglio[\/vc_column_text][\/vc_column][\/vc_row][vc_row][vc_column width=\u00a0\u00bb1\/2&Prime; el_class=\u00a0\u00bbpadding_100_500&Prime;][vc_column_text]<\/p>\n<h3 class=\"default-title\">Vos vacances dans le Salento<\/h3>\n<p>Experience the first pleasure of your holiday when you start to desire it: imagine yourself here, among the beaches of Salento or by the pool, or even in front of a typical dish. Imagine enjoying your well-deserved relaxation. You are in downtown Porto Selvaggio Resort. We are waiting for you.[\/vc_column_text][\/vc_column][vc_column width=\u00a0\u00bb1\/2&Prime; el_class=\u00a0\u00bbimg_chess_500&Prime;][vc_column_text]<iframe loading=\"lazy\" style=\"border: 0;\" src=\"https:\/\/www.google.com\/maps\/embed?pb=!4v1614337017186!6m8!1m7!1sCAoSLEFGMVFpcFBnelRuQmRVUE4wRDFWeloweU8wbzBUc3U5bUtKajBJR0s4NjRr!2m2!1d40.18515719429241!2d17.94578599854162!3f352.05!4f0.480000000000004!5f0.5970117501821992\" width=\"100%\" height=\"500\" allowfullscreen=\"allowfullscreen\"><\/iframe>[\/vc_column_text][\/vc_column][\/vc_row][vc_row content_width=\u00a0\u00bbgrid\u00a0\u00bb css=\u00a0\u00bb.vc_custom_1614694647274{padding-top: 50px !important;padding-bottom: 50px !important;}\u00a0\u00bb el_id=\u00a0\u00bbcertificazioni\u00a0\u00bb][vc_column][vc_column_text]<\/p>\n<h2 style=\"text-align: center;\">NOS CERTIFICATS<\/h2>\n<p>[\/vc_column_text][vc_empty_space][\/vc_column][vc_column width=\u00a0\u00bb1\/3&Prime;][vc_single_image image=\u00a0\u00bb5759&Prime; img_size=\u00a0\u00bbfull\u00a0\u00bb alignment=\u00a0\u00bbcenter\u00a0\u00bb onclick=\u00a0\u00bbcustom_link\u00a0\u00bb img_link_target=\u00a0\u00bb_blank\u00a0\u00bb link=\u00a0\u00bbhttp:\/\/www.rci.com\/\u00a0\u00bb][\/vc_column][vc_column width=\u00a0\u00bb1\/3&Prime;][vc_single_image image=\u00a0\u00bb5758&Prime; img_size=\u00a0\u00bbfull\u00a0\u00bb alignment=\u00a0\u00bbcenter\u00a0\u00bb][\/vc_column][vc_column width=\u00a0\u00bb1\/3&Prime;][vc_single_image image=\u00a0\u00bb5757&Prime; img_size=\u00a0\u00bbfull\u00a0\u00bb alignment=\u00a0\u00bbcenter\u00a0\u00bb][\/vc_column][\/vc_row]<\/p>\n<\/div>","protected":false},"excerpt":{"rendered":"<p>[vc_row][vc_column][rev_slider_vc alias=\u00a0\u00bbmain-home\u00a0\u00bb][\/vc_column][vc_column el_class=\u00a0\u00bbbe_virgil\u00a0\u00bb][vc_column_text el_id=\u00a0\u00bbbe-section\u00a0\u00bb][\/vc_column_text][\/vc_column][\/vc_row][vc_row content_width=\u00a0\u00bbgrid\u00a0\u00bb css=\u00a0\u00bb.vc_custom_1614348692811{padding-top: 100px !important;padding-bottom: 100px !important;}\u00a0\u00bb][vc_column][vc_column_text] PORTO SELVAGGIO RESORT \u00ab\u00a0Vos vacances ne sera pas un r\u00eave\u00a0\u00bb Le Village Touristique Portoselvaggio, plac\u00e9 sur la sommit\u00e9 de Torre Inserraglio, surplombe sur la c\u00f4te Ionienne de Gallipoli \u00e0 Porto Cesareo. Le Village Touristique Portoselvaggio compte 107 logements diff\u00e9rentes par typologie et dimensions, une \u00e9l\u00e9gante r\u00e9ception \u00a0avec hall d\u2019accueil, salle TV, bar, salle pour le petit d\u00e9jeuner, piscine panoramique avec jacuzzi et solarium, centre spa, zones vertes spacieuses, amphith\u00e9\u00e2tre. [\/vc_column_text][\/vc_column][\/vc_row][vc_row el_id=\u00a0\u00bbreverse\u00a0\u00bb][vc_column width=\u00a0\u00bb1\/2&Prime; el_class=\u00a0\u00bbpadding_100_500 bg_1&Prime;][vc_column_text] APPARTEMENTS Les appartements du Village Touristique [&hellip;]<\/p>\n","protected":false},"author":1,"featured_media":0,"parent":0,"menu_order":0,"comment_status":"closed","ping_status":"closed","template":"full-width.php","meta":{"footnotes":""},"class_list":["post-5391","page","type-page","status-publish","hentry"],"yoast_head":"<!-- This site is optimized with the Yoast SEO plugin v27.4 - https:\/\/yoast.com\/product\/yoast-seo-wordpress\/ -->\n<title>R\u00e9sidence et Resort dans le Salento - Porto Selvaggio<\/title>\n<meta name=\"description\" content=\"Porto Selvaggio Resort est la solution pour vos vacances dans le Salento. Spa, piscine, restaurant, plage et services de divertissement vous attendent. En savoir plus\" \/>\n<meta name=\"robots\" content=\"index, follow, max-snippet:-1, max-image-preview:large, max-video-preview:-1\" \/>\n<link rel=\"canonical\" href=\"https:\/\/www.portoselvaggioresort.it\/fr\/\" \/>\n<meta property=\"og:locale\" content=\"fr_FR\" \/>\n<meta property=\"og:type\" content=\"article\" \/>\n<meta property=\"og:title\" content=\"R\u00e9sidence et Resort dans le Salento - Porto Selvaggio\" \/>\n<meta property=\"og:description\" content=\"Porto Selvaggio Resort est la solution pour vos vacances dans le Salento. Spa, piscine, restaurant, plage et services de divertissement vous attendent. En savoir plus\" \/>\n<meta property=\"og:url\" content=\"https:\/\/www.portoselvaggioresort.it\/fr\/\" \/>\n<meta property=\"og:site_name\" content=\"Porto Selvaggio\" \/>\n<meta property=\"article:modified_time\" content=\"2021-03-29T14:02:16+00:00\" \/>\n<meta name=\"twitter:card\" content=\"summary_large_image\" \/>\n<!-- \/ Yoast SEO plugin. -->","yoast_head_json":{"title":"R\u00e9sidence et Resort dans le Salento - Porto Selvaggio","description":"Porto Selvaggio Resort est la solution pour vos vacances dans le Salento. Spa, piscine, restaurant, plage et services de divertissement vous attendent. En savoir plus","robots":{"index":"index","follow":"follow","max-snippet":"max-snippet:-1","max-image-preview":"max-image-preview:large","max-video-preview":"max-video-preview:-1"},"canonical":"https:\/\/www.portoselvaggioresort.it\/fr\/","og_locale":"fr_FR","og_type":"article","og_title":"R\u00e9sidence et Resort dans le Salento - Porto Selvaggio","og_description":"Porto Selvaggio Resort est la solution pour vos vacances dans le Salento. Spa, piscine, restaurant, plage et services de divertissement vous attendent. En savoir plus","og_url":"https:\/\/www.portoselvaggioresort.it\/fr\/","og_site_name":"Porto Selvaggio","article_modified_time":"2021-03-29T14:02:16+00:00","twitter_card":"summary_large_image","schema":{"@context":"https:\/\/schema.org","@graph":[{"@type":"WebPage","@id":"https:\/\/www.portoselvaggioresort.it\/fr\/","url":"https:\/\/www.portoselvaggioresort.it\/fr\/","name":"R\u00e9sidence et Resort dans le Salento - Porto Selvaggio","isPartOf":{"@id":"https:\/\/www.portoselvaggioresort.it\/#website"},"datePublished":"2021-03-23T12:14:34+00:00","dateModified":"2021-03-29T14:02:16+00:00","description":"Porto Selvaggio Resort est la solution pour vos vacances dans le Salento. Spa, piscine, restaurant, plage et services de divertissement vous attendent. En savoir plus","breadcrumb":{"@id":"https:\/\/www.portoselvaggioresort.it\/fr\/#breadcrumb"},"inLanguage":"fr-FR","potentialAction":[{"@type":"ReadAction","target":["https:\/\/www.portoselvaggioresort.it\/fr\/"]}]},{"@type":"BreadcrumbList","@id":"https:\/\/www.portoselvaggioresort.it\/fr\/#breadcrumb","itemListElement":[{"@type":"ListItem","position":1,"name":"Home","item":"https:\/\/www.portoselvaggioresort.it\/fr\/"},{"@type":"ListItem","position":2,"name":"Home"}]},{"@type":"WebSite","@id":"https:\/\/www.portoselvaggioresort.it\/#website","url":"https:\/\/www.portoselvaggioresort.it\/","name":"Porto Selvaggio","description":"","potentialAction":[{"@type":"SearchAction","target":{"@type":"EntryPoint","urlTemplate":"https:\/\/www.portoselvaggioresort.it\/?s={search_term_string}"},"query-input":{"@type":"PropertyValueSpecification","valueRequired":true,"valueName":"search_term_string"}}],"inLanguage":"fr-FR"}]}},"_links":{"self":[{"href":"https:\/\/www.portoselvaggioresort.it\/fr\/wp-json\/wp\/v2\/pages\/5391","targetHints":{"allow":["GET"]}}],"collection":[{"href":"https:\/\/www.portoselvaggioresort.it\/fr\/wp-json\/wp\/v2\/pages"}],"about":[{"href":"https:\/\/www.portoselvaggioresort.it\/fr\/wp-json\/wp\/v2\/types\/page"}],"author":[{"embeddable":true,"href":"https:\/\/www.portoselvaggioresort.it\/fr\/wp-json\/wp\/v2\/users\/1"}],"replies":[{"embeddable":true,"href":"https:\/\/www.portoselvaggioresort.it\/fr\/wp-json\/wp\/v2\/comments?post=5391"}],"version-history":[{"count":7,"href":"https:\/\/www.portoselvaggioresort.it\/fr\/wp-json\/wp\/v2\/pages\/5391\/revisions"}],"predecessor-version":[{"id":6112,"href":"https:\/\/www.portoselvaggioresort.it\/fr\/wp-json\/wp\/v2\/pages\/5391\/revisions\/6112"}],"wp:attachment":[{"href":"https:\/\/www.portoselvaggioresort.it\/fr\/wp-json\/wp\/v2\/media?parent=5391"}],"curies":[{"name":"wp","href":"https:\/\/api.w.org\/{rel}","templated":true}]}}