{"id":5393,"date":"2021-03-23T13:20:15","date_gmt":"2021-03-23T12:20:15","guid":{"rendered":"https:\/\/www.portoselvaggioresort.it\/?page_id=5393"},"modified":"2021-03-23T13:56:56","modified_gmt":"2021-03-23T12:56:56","slug":"list-des-prix","status":"publish","type":"page","link":"https:\/\/www.portoselvaggioresort.it\/fr\/list-des-prix\/","title":{"rendered":"List des prix"},"content":{"rendered":"<div class=\"wpb-content-wrapper\"><p>[vc_row content_width=\u00a0\u00bbgrid\u00a0\u00bb css=\u00a0\u00bb.vc_custom_1613994592120{padding-top: 100px !important;padding-bottom: 71px !important;}\u00a0\u00bb][vc_column][vc_column_text]<\/p>\n<p style=\"text-align: center;\">Pour vos vacances dans le Salento, choisissez Porto Selvaggio Resort et d\u00e9couvrez comment \u00e9conomiser avec nos offres low cost.<\/p>\n<p>[\/vc_column_text][\/vc_column][\/vc_row][vc_row][vc_column offset=\u00a0\u00bbvc_col-md-6&Prime; el_class=\u00a0\u00bbpadding_100&Prime;][vc_empty_space height=\u00a0\u00bb20&Prime;][vc_column_text]<\/p>\n<table id=\"dettagli-offerte\" class=\"alignleft\" dir=\"ltr\" border=\"1\" cellspacing=\"0\" cellpadding=\"0\">\n<tbody>\n<tr>\n<td colspan=\"9\" rowspan=\"1\" data-sheets-value=\"{&quot;1&quot;:2,&quot;2&quot;:&quot;OFFERTE:&quot;}\" data-sheets-numberformat=\"[null,2,&quot;D-MMM&quot;,1]\"><strong>SUPPL\u00c9MENTS ET OFFRES:<\/strong><\/td>\n<\/tr>\n<tr>\n<td colspan=\"9\" rowspan=\"1\" data-sheets-value=\"{&quot;1&quot;:2,&quot;2&quot;:&quot;Nice price&quot;}\"><strong>Nice price<\/strong><\/td>\n<\/tr>\n<tr>\n<td colspan=\"9\" rowspan=\"1\" data-sheets-value=\"{&quot;1&quot;:2,&quot;2&quot;:&quot;Sconto del 15% sui prezzi indicati in tabella per tutte le prenotazioni confermate entro il 30\/04\/2017&quot;}\">10% de r\u00e9duction sur les prix indiqu\u00e9s dans le tableau pour toutes les r\u00e9servations confirm\u00e9es avant le 30\/04\/2021<\/td>\n<\/tr>\n<tr>\n<td colspan=\"9\" rowspan=\"1\" data-sheets-value=\"{&quot;1&quot;:2,&quot;2&quot;:&quot;Vacanza lunga&quot;}\"><strong>D\u00e9but de s\u00e9jour<\/strong>: \u00c0 partir de 18h00 le dimanche.<strong><br \/>\nFin de s\u00e9jour<\/strong>: Avant 10h00 le dimanche suivant.<\/td>\n<\/tr>\n<tr>\n<td colspan=\"9\" rowspan=\"1\" data-sheets-value=\"{&quot;1&quot;:2,&quot;2&quot;:&quot;Per prenotazioni di due o piu00f9 settimane confermate dopo il 30\/04\/2017 tariffa scontata Nice price garantita, esclusi periodi G-H&quot;}\"><strong>Caution: \u20ac. 100,00<\/strong><\/td>\n<\/tr>\n<tr>\n<td colspan=\"9\" rowspan=\"1\" data-sheets-value=\"{&quot;1&quot;:2,&quot;2&quot;:&quot;Inizio Soggiorno: domenica dalle ore 18:00 - Fine Soggiorno: domenica entro le ore 10:00&quot;}\" data-sheets-numberformat=\"[null,2,&quot;_-* #,##0.00_-;\\-* #,##0.00_-;_-* \\-??_-;_-@&quot;,1]\"><strong>SUPPL\u00c9MENTS OBLIGATOIRES<\/strong><\/td>\n<\/tr>\n<tr>\n<td colspan=\"9\" rowspan=\"1\" data-sheets-value=\"{&quot;1&quot;:2,&quot;2&quot;:&quot;Deposito Cauzionale: u20ac. 150,00&quot;}\" data-sheets-numberformat=\"[null,2,&quot;_-* #,##0.00_-;\\-* #,##0.00_-;_-* \\-??_-;_-@&quot;,1]\"><strong>Frais de service hebdomadaires:\u00a0<\/strong>\u20ac. 70,00 (Appartements de deux pi\u00e8ces) &#8211; \u20ac. 90,00 (appartements de trois pi\u00e8ces) (comprend les services publics, le linge de lit et les serviettes, le nettoyage final et le changement en milieu de semaine).<\/td>\n<\/tr>\n<tr>\n<td colspan=\"9\" rowspan=\"1\" data-sheets-value=\"{&quot;1&quot;:2,&quot;2&quot;:&quot;SUPPLEMENTI OBBLIGATORI &quot;}\"><strong>CARTE DE CLUB: <\/strong>Obligatoire \u00e0 partir de 4 ans, 35,00 \u20ac par personne et par semaine (comprend les animations en journ\u00e9e et en soir\u00e9e, le service de piscine et le service de navette).<\/td>\n<\/tr>\n<tr>\n<td colspan=\"9\" rowspan=\"1\" data-sheets-value=\"{&quot;1&quot;:2,&quot;2&quot;:&quot;Quota servizi settimanale: u20ac. 50,00 (Bilocali) - u20ac. 70,00 (trilocali)&quot;}\"><strong>SUPPL\u00c9MENTS OPTIONNELS<\/strong><\/td>\n<\/tr>\n<tr>\n<td colspan=\"9\" rowspan=\"1\" data-sheets-value=\"{&quot;1&quot;:2,&quot;2&quot;:&quot;TESSERA CLUB: u20ac 40,00 Adulti per persona a settimana u20ac 20,00 bambini 5\/14 anni per persona a settimana &quot;}\"><strong>Animaux:<\/strong> Petits animaux accept\u00e9s avec frais de nettoyage suppl\u00e9mentaires de 50,00 \u20ac. Lit b\u00e9b\u00e9 sur demande et sous r\u00e9serve de disponibilit\u00e9 25,00 \u20ac par semaine.<\/td>\n<\/tr>\n<tr>\n<td colspan=\"9\" rowspan=\"1\" data-sheets-value=\"{&quot;1&quot;:2,&quot;2&quot;:&quot;comprende animazione diurna e serale, navetta, cambio infrasettimanale, servizio piscina e servizio mare &quot;}\">L&rsquo;utilisation de l&rsquo;\u00e9tablissement baln\u00e9aire (plateforme \u00e9quip\u00e9e sur le rocher) est \u00e0 1 km de la propri\u00e9t\u00e9 et est accessible sur r\u00e9servation uniquement, sous r\u00e9serve de disponibilit\u00e9, avec un suppl\u00e9ment \u00e0 r\u00e9gler directement sur place.<\/td>\n<\/tr>\n<\/tbody>\n<\/table>\n<p>[\/vc_column_text][\/vc_column][vc_column offset=\u00a0\u00bbvc_col-md-6&Prime;][vc_empty_space height=\u00a0\u00bb50&Prime;][vc_single_image image=\u00a0\u00bb4711&Prime; img_size=\u00a0\u00bbfull\u00a0\u00bb alignment=\u00a0\u00bbcenter\u00a0\u00bb onclick=\u00a0\u00bblink_image\u00a0\u00bb][vc_empty_space][\/vc_column][\/vc_row][vc_row][vc_column offset=\u00a0\u00bbvc_col-md-6&Prime;][vc_empty_space height=\u00a0\u00bb50&Prime;][vc_column_text]<\/p>\n<h2 style=\"text-align: center;\">Liste de prix en formule demi-pension<\/h2>\n<p>[\/vc_column_text][vc_empty_space][vc_single_image image=\u00a0\u00bb4712&Prime; img_size=\u00a0\u00bbfull\u00a0\u00bb alignment=\u00a0\u00bbcenter\u00a0\u00bb onclick=\u00a0\u00bblink_image\u00a0\u00bb][\/vc_column][vc_column offset=\u00a0\u00bbvc_col-md-6&Prime;][vc_empty_space height=\u00a0\u00bb50&Prime;][vc_column_text]<\/p>\n<h2 style=\"text-align: center;\">Liste de prix en formule pension compl\u00e8te<\/h2>\n<p>[\/vc_column_text][vc_empty_space][vc_single_image image=\u00a0\u00bb4713&Prime; img_size=\u00a0\u00bbfull\u00a0\u00bb alignment=\u00a0\u00bbcenter\u00a0\u00bb onclick=\u00a0\u00bblink_image\u00a0\u00bb][\/vc_column][\/vc_row][vc_row][vc_column][vc_empty_space height=\u00a0\u00bb50px\u00a0\u00bb][\/vc_column][\/vc_row]<\/p>\n<\/div>","protected":false},"excerpt":{"rendered":"<p>[vc_row content_width=\u00a0\u00bbgrid\u00a0\u00bb css=\u00a0\u00bb.vc_custom_1613994592120{padding-top: 100px !important;padding-bottom: 71px !important;}\u00a0\u00bb][vc_column][vc_column_text] Pour vos vacances dans le Salento, choisissez Porto Selvaggio Resort et d\u00e9couvrez comment \u00e9conomiser avec nos offres low cost. [\/vc_column_text][\/vc_column][\/vc_row][vc_row][vc_column offset=\u00a0\u00bbvc_col-md-6&Prime; el_class=\u00a0\u00bbpadding_100&Prime;][vc_empty_space height=\u00a0\u00bb20&Prime;][vc_column_text] SUPPL\u00c9MENTS ET OFFRES: Nice price 10% de r\u00e9duction sur les prix indiqu\u00e9s dans le tableau pour toutes les r\u00e9servations confirm\u00e9es avant le 30\/04\/2021 D\u00e9but de s\u00e9jour: \u00c0 partir de 18h00 le dimanche. Fin de s\u00e9jour: Avant 10h00 le dimanche suivant. Caution: \u20ac. 100,00 SUPPL\u00c9MENTS OBLIGATOIRES Frais de service hebdomadaires:\u00a0\u20ac. 70,00 (Appartements de deux pi\u00e8ces) &#8211; \u20ac. 90,00 (appartements de trois [&hellip;]<\/p>\n","protected":false},"author":1,"featured_media":0,"parent":0,"menu_order":0,"comment_status":"closed","ping_status":"closed","template":"full-width.php","meta":{"footnotes":""},"class_list":["post-5393","page","type-page","status-publish","hentry"],"yoast_head":"<!-- This site is optimized with the Yoast SEO plugin v27.5 - https:\/\/yoast.com\/product\/yoast-seo-wordpress\/ -->\n<title>List des Prix - Vacances dans le Salento - \u00c9t\u00e9 au bord de la mer<\/title>\n<meta name=\"description\" content=\"Choisissez de vivre des vacances de r\u00eave dans le magnifique paysage de Porto Selvaggio. D\u00e9couvrez les offres low cost et notre liste de prix.\" \/>\n<meta name=\"robots\" content=\"index, follow, max-snippet:-1, max-image-preview:large, max-video-preview:-1\" \/>\n<link rel=\"canonical\" href=\"https:\/\/www.portoselvaggioresort.it\/fr\/list-des-prix\/\" \/>\n<meta property=\"og:locale\" content=\"fr_FR\" \/>\n<meta property=\"og:type\" content=\"article\" \/>\n<meta property=\"og:title\" content=\"List des Prix - Vacances dans le Salento - \u00c9t\u00e9 au bord de la mer\" \/>\n<meta property=\"og:description\" content=\"Choisissez de vivre des vacances de r\u00eave dans le magnifique paysage de Porto Selvaggio. D\u00e9couvrez les offres low cost et notre liste de prix.\" \/>\n<meta property=\"og:url\" content=\"https:\/\/www.portoselvaggioresort.it\/fr\/list-des-prix\/\" \/>\n<meta property=\"og:site_name\" content=\"Porto Selvaggio\" \/>\n<meta property=\"article:modified_time\" content=\"2021-03-23T12:56:56+00:00\" \/>\n<meta name=\"twitter:card\" content=\"summary_large_image\" \/>\n<!-- \/ Yoast SEO plugin. -->","yoast_head_json":{"title":"List des Prix - Vacances dans le Salento - \u00c9t\u00e9 au bord de la mer","description":"Choisissez de vivre des vacances de r\u00eave dans le magnifique paysage de Porto Selvaggio. D\u00e9couvrez les offres low cost et notre liste de prix.","robots":{"index":"index","follow":"follow","max-snippet":"max-snippet:-1","max-image-preview":"max-image-preview:large","max-video-preview":"max-video-preview:-1"},"canonical":"https:\/\/www.portoselvaggioresort.it\/fr\/list-des-prix\/","og_locale":"fr_FR","og_type":"article","og_title":"List des Prix - Vacances dans le Salento - \u00c9t\u00e9 au bord de la mer","og_description":"Choisissez de vivre des vacances de r\u00eave dans le magnifique paysage de Porto Selvaggio. D\u00e9couvrez les offres low cost et notre liste de prix.","og_url":"https:\/\/www.portoselvaggioresort.it\/fr\/list-des-prix\/","og_site_name":"Porto Selvaggio","article_modified_time":"2021-03-23T12:56:56+00:00","twitter_card":"summary_large_image","schema":{"@context":"https:\/\/schema.org","@graph":[{"@type":"WebPage","@id":"https:\/\/www.portoselvaggioresort.it\/fr\/list-des-prix\/","url":"https:\/\/www.portoselvaggioresort.it\/fr\/list-des-prix\/","name":"List des Prix - Vacances dans le Salento - \u00c9t\u00e9 au bord de la mer","isPartOf":{"@id":"https:\/\/www.portoselvaggioresort.it\/#website"},"datePublished":"2021-03-23T12:20:15+00:00","dateModified":"2021-03-23T12:56:56+00:00","description":"Choisissez de vivre des vacances de r\u00eave dans le magnifique paysage de Porto Selvaggio. D\u00e9couvrez les offres low cost et notre liste de prix.","breadcrumb":{"@id":"https:\/\/www.portoselvaggioresort.it\/fr\/list-des-prix\/#breadcrumb"},"inLanguage":"fr-FR","potentialAction":[{"@type":"ReadAction","target":["https:\/\/www.portoselvaggioresort.it\/fr\/list-des-prix\/"]}]},{"@type":"BreadcrumbList","@id":"https:\/\/www.portoselvaggioresort.it\/fr\/list-des-prix\/#breadcrumb","itemListElement":[{"@type":"ListItem","position":1,"name":"Home","item":"https:\/\/www.portoselvaggioresort.it\/fr\/"},{"@type":"ListItem","position":2,"name":"90"}]},{"@type":"WebSite","@id":"https:\/\/www.portoselvaggioresort.it\/#website","url":"https:\/\/www.portoselvaggioresort.it\/","name":"Porto Selvaggio","description":"","potentialAction":[{"@type":"SearchAction","target":{"@type":"EntryPoint","urlTemplate":"https:\/\/www.portoselvaggioresort.it\/?s={search_term_string}"},"query-input":{"@type":"PropertyValueSpecification","valueRequired":true,"valueName":"search_term_string"}}],"inLanguage":"fr-FR"}]}},"_links":{"self":[{"href":"https:\/\/www.portoselvaggioresort.it\/fr\/wp-json\/wp\/v2\/pages\/5393","targetHints":{"allow":["GET"]}}],"collection":[{"href":"https:\/\/www.portoselvaggioresort.it\/fr\/wp-json\/wp\/v2\/pages"}],"about":[{"href":"https:\/\/www.portoselvaggioresort.it\/fr\/wp-json\/wp\/v2\/types\/page"}],"author":[{"embeddable":true,"href":"https:\/\/www.portoselvaggioresort.it\/fr\/wp-json\/wp\/v2\/users\/1"}],"replies":[{"embeddable":true,"href":"https:\/\/www.portoselvaggioresort.it\/fr\/wp-json\/wp\/v2\/comments?post=5393"}],"version-history":[{"count":3,"href":"https:\/\/www.portoselvaggioresort.it\/fr\/wp-json\/wp\/v2\/pages\/5393\/revisions"}],"predecessor-version":[{"id":5396,"href":"https:\/\/www.portoselvaggioresort.it\/fr\/wp-json\/wp\/v2\/pages\/5393\/revisions\/5396"}],"wp:attachment":[{"href":"https:\/\/www.portoselvaggioresort.it\/fr\/wp-json\/wp\/v2\/media?parent=5393"}],"curies":[{"name":"wp","href":"https:\/\/api.w.org\/{rel}","templated":true}]}}