{"id":5397,"date":"2021-03-23T14:22:31","date_gmt":"2021-03-23T13:22:31","guid":{"rendered":"https:\/\/www.portoselvaggioresort.it\/?page_id=5397"},"modified":"2021-03-23T14:22:33","modified_gmt":"2021-03-23T13:22:33","slug":"paquets-de-vacances-en-salento","status":"publish","type":"page","link":"https:\/\/www.portoselvaggioresort.it\/fr\/paquets-de-vacances-en-salento\/","title":{"rendered":"Paquets de vacances en Salento"},"content":{"rendered":"<div class=\"wpb-content-wrapper\"><p>[vc_row][vc_column][vc_empty_space height=\u00a0\u00bb100px\u00a0\u00bb][\/vc_column][\/vc_row][vc_row content_width=\u00a0\u00bbgrid\u00a0\u00bb][vc_column][vc_column_text]<\/p>\n<p style=\"text-align: center;\">Vacance a plusieurs signifi\u00e9s. Surtout en\u00a0<strong>Salento<\/strong>, o\u00f9 chaque coin du littoral, chaque club sur la plage et chaque aper\u00e7u du paysage offre quelque chose de sp\u00e9cial.\u00a0Choisissez les <strong>paquets de vacance<\/strong>\u00a0pens\u00e9s pour toutes les exigences, sans oublier que nous vous offrirons un service impeccable, gr<strong>\u00e2ce \u00e0 nos professionnalit\u00e9 et <\/strong>hospitalit\u00e9. Veuillez choisir votre, choisissez <strong>Paquet de Vacance<\/strong>.<\/p>\n<p>[\/vc_column_text][\/vc_column][\/vc_row][vc_row][vc_column][vc_empty_space height=\u00a0\u00bb100px\u00a0\u00bb][\/vc_column][\/vc_row][vc_row content_width=\u00a0\u00bbgrid\u00a0\u00bb][vc_column]<div class=\"mkdf-blog-list-holder  mkdf-masonry\">\n\t<ul class=\"mkdf-blog-list\">\n\t\t\t\t\t<li class=\"mkdf-blog-list-masonry-grid-sizer\"><\/li>\n\t\t\t<li class=\"mkdf-blog-list-masonry-grid-gutter\"><\/li>\n\t\t\t\t\t<div class=\"mkdf-blog-list-messsage\">\n\t\t\t\t<p>No posts were found.<\/p>\n\t\t\t<\/div>\n\t\t\t<\/ul>\n<\/div>\n[\/vc_column][\/vc_row][vc_row][vc_column][vc_empty_space height=\u00a0\u00bb100px\u00a0\u00bb][\/vc_column][\/vc_row]<\/p>\n<\/div>","protected":false},"excerpt":{"rendered":"<p>[vc_row][vc_column][vc_empty_space height=\u00a0\u00bb100px\u00a0\u00bb][\/vc_column][\/vc_row][vc_row content_width=\u00a0\u00bbgrid\u00a0\u00bb][vc_column][vc_column_text] Vacance a plusieurs signifi\u00e9s. Surtout en\u00a0Salento, o\u00f9 chaque coin du littoral, chaque club sur la plage et chaque aper\u00e7u du paysage offre quelque chose de sp\u00e9cial.\u00a0Choisissez les paquets de vacance\u00a0pens\u00e9s pour toutes les exigences, sans oublier que nous vous offrirons un service impeccable, gr\u00e2ce \u00e0 nos professionnalit\u00e9 et hospitalit\u00e9. Veuillez choisir votre, choisissez Paquet de Vacance. [\/vc_column_text][\/vc_column][\/vc_row][vc_row][vc_column][vc_empty_space height=\u00a0\u00bb100px\u00a0\u00bb][\/vc_column][\/vc_row][vc_row content_width=\u00a0\u00bbgrid\u00a0\u00bb][vc_column][\/vc_column][\/vc_row][vc_row][vc_column][vc_empty_space height=\u00a0\u00bb100px\u00a0\u00bb][\/vc_column][\/vc_row]<\/p>\n","protected":false},"author":1,"featured_media":0,"parent":0,"menu_order":0,"comment_status":"closed","ping_status":"closed","template":"full-width.php","meta":{"footnotes":""},"class_list":["post-5397","page","type-page","status-publish","hentry"],"yoast_head":"<!-- This site is optimized with the Yoast SEO plugin v27.5 - https:\/\/yoast.com\/product\/yoast-seo-wordpress\/ -->\n<title>Forfaits vacances \u00e0 Salento \u00e0 Porto Selvaggio - Salento<\/title>\n<meta name=\"description\" content=\"Pour vos vacances dans le Salento, choisissez les forfaits Porto Selvaggio Resort. Une fa\u00e7on unique de vivre vos vacances dans les Pouilles.\" \/>\n<meta name=\"robots\" content=\"index, follow, max-snippet:-1, max-image-preview:large, max-video-preview:-1\" \/>\n<link rel=\"canonical\" href=\"https:\/\/www.portoselvaggioresort.it\/fr\/paquets-de-vacances-en-salento\/\" \/>\n<meta property=\"og:locale\" content=\"fr_FR\" \/>\n<meta property=\"og:type\" content=\"article\" \/>\n<meta property=\"og:title\" content=\"Forfaits vacances \u00e0 Salento \u00e0 Porto Selvaggio - Salento\" \/>\n<meta property=\"og:description\" content=\"Pour vos vacances dans le Salento, choisissez les forfaits Porto Selvaggio Resort. Une fa\u00e7on unique de vivre vos vacances dans les Pouilles.\" \/>\n<meta property=\"og:url\" content=\"https:\/\/www.portoselvaggioresort.it\/fr\/paquets-de-vacances-en-salento\/\" \/>\n<meta property=\"og:site_name\" content=\"Porto Selvaggio\" \/>\n<meta property=\"article:modified_time\" content=\"2021-03-23T13:22:33+00:00\" \/>\n<meta name=\"twitter:card\" content=\"summary_large_image\" \/>\n<!-- \/ Yoast SEO plugin. -->","yoast_head_json":{"title":"Forfaits vacances \u00e0 Salento \u00e0 Porto Selvaggio - Salento","description":"Pour vos vacances dans le Salento, choisissez les forfaits Porto Selvaggio Resort. Une fa\u00e7on unique de vivre vos vacances dans les Pouilles.","robots":{"index":"index","follow":"follow","max-snippet":"max-snippet:-1","max-image-preview":"max-image-preview:large","max-video-preview":"max-video-preview:-1"},"canonical":"https:\/\/www.portoselvaggioresort.it\/fr\/paquets-de-vacances-en-salento\/","og_locale":"fr_FR","og_type":"article","og_title":"Forfaits vacances \u00e0 Salento \u00e0 Porto Selvaggio - Salento","og_description":"Pour vos vacances dans le Salento, choisissez les forfaits Porto Selvaggio Resort. Une fa\u00e7on unique de vivre vos vacances dans les Pouilles.","og_url":"https:\/\/www.portoselvaggioresort.it\/fr\/paquets-de-vacances-en-salento\/","og_site_name":"Porto Selvaggio","article_modified_time":"2021-03-23T13:22:33+00:00","twitter_card":"summary_large_image","schema":{"@context":"https:\/\/schema.org","@graph":[{"@type":"WebPage","@id":"https:\/\/www.portoselvaggioresort.it\/fr\/paquets-de-vacances-en-salento\/","url":"https:\/\/www.portoselvaggioresort.it\/fr\/paquets-de-vacances-en-salento\/","name":"Forfaits vacances \u00e0 Salento \u00e0 Porto Selvaggio - Salento","isPartOf":{"@id":"https:\/\/www.portoselvaggioresort.it\/#website"},"datePublished":"2021-03-23T13:22:31+00:00","dateModified":"2021-03-23T13:22:33+00:00","description":"Pour vos vacances dans le Salento, choisissez les forfaits Porto Selvaggio Resort. Une fa\u00e7on unique de vivre vos vacances dans les Pouilles.","breadcrumb":{"@id":"https:\/\/www.portoselvaggioresort.it\/fr\/paquets-de-vacances-en-salento\/#breadcrumb"},"inLanguage":"fr-FR","potentialAction":[{"@type":"ReadAction","target":["https:\/\/www.portoselvaggioresort.it\/fr\/paquets-de-vacances-en-salento\/"]}]},{"@type":"BreadcrumbList","@id":"https:\/\/www.portoselvaggioresort.it\/fr\/paquets-de-vacances-en-salento\/#breadcrumb","itemListElement":[{"@type":"ListItem","position":1,"name":"Home","item":"https:\/\/www.portoselvaggioresort.it\/fr\/"},{"@type":"ListItem","position":2,"name":"90"}]},{"@type":"WebSite","@id":"https:\/\/www.portoselvaggioresort.it\/#website","url":"https:\/\/www.portoselvaggioresort.it\/","name":"Porto Selvaggio","description":"","potentialAction":[{"@type":"SearchAction","target":{"@type":"EntryPoint","urlTemplate":"https:\/\/www.portoselvaggioresort.it\/?s={search_term_string}"},"query-input":{"@type":"PropertyValueSpecification","valueRequired":true,"valueName":"search_term_string"}}],"inLanguage":"fr-FR"}]}},"_links":{"self":[{"href":"https:\/\/www.portoselvaggioresort.it\/fr\/wp-json\/wp\/v2\/pages\/5397","targetHints":{"allow":["GET"]}}],"collection":[{"href":"https:\/\/www.portoselvaggioresort.it\/fr\/wp-json\/wp\/v2\/pages"}],"about":[{"href":"https:\/\/www.portoselvaggioresort.it\/fr\/wp-json\/wp\/v2\/types\/page"}],"author":[{"embeddable":true,"href":"https:\/\/www.portoselvaggioresort.it\/fr\/wp-json\/wp\/v2\/users\/1"}],"replies":[{"embeddable":true,"href":"https:\/\/www.portoselvaggioresort.it\/fr\/wp-json\/wp\/v2\/comments?post=5397"}],"version-history":[{"count":1,"href":"https:\/\/www.portoselvaggioresort.it\/fr\/wp-json\/wp\/v2\/pages\/5397\/revisions"}],"predecessor-version":[{"id":5398,"href":"https:\/\/www.portoselvaggioresort.it\/fr\/wp-json\/wp\/v2\/pages\/5397\/revisions\/5398"}],"wp:attachment":[{"href":"https:\/\/www.portoselvaggioresort.it\/fr\/wp-json\/wp\/v2\/media?parent=5397"}],"curies":[{"name":"wp","href":"https:\/\/api.w.org\/{rel}","templated":true}]}}