{"id":5399,"date":"2021-03-23T14:26:14","date_gmt":"2021-03-23T13:26:14","guid":{"rendered":"https:\/\/www.portoselvaggioresort.it\/?page_id=5399"},"modified":"2021-03-26T12:43:47","modified_gmt":"2021-03-26T11:43:47","slug":"porto-selvaggio","status":"publish","type":"page","link":"https:\/\/www.portoselvaggioresort.it\/fr\/porto-selvaggio\/","title":{"rendered":"Porto Selvaggio"},"content":{"rendered":"<div class=\"wpb-content-wrapper\"><p>[vc_row content_width=\u00a0\u00bbgrid\u00a0\u00bb css=\u00a0\u00bb.vc_custom_1613728400132{padding-top: 119px !important;padding-bottom: 71px !important;}\u00a0\u00bb][vc_column][vc_column_text]<\/p>\n<p style=\"text-align: center;\"><strong>Salento<\/strong> est une terre riche de merveilles. Il y a plusieurs Oasis immerg\u00e9es dans le vert, dont on peut mentionner : le <strong>Parc de Porto Selvaggio<\/strong> et la <strong>Palude del Capitano<\/strong> <strong>(Mar\u00e9cage du Capitaine)<\/strong>, appartenant au territoire de Nard\u00f2.<\/p>\n<p>[\/vc_column_text][\/vc_column][\/vc_row][vc_row css=\u00a0\u00bb.vc_custom_1616759001881{background-color: #f9f9f9 !important;}\u00a0\u00bb el_class=\u00a0\u00bbreverse_column\u00a0\u00bb][vc_column offset=\u00a0\u00bbvc_col-md-6&Prime; el_class=\u00a0\u00bbpadding_100&Prime;][vc_empty_space height=\u00a0\u00bb15&Prime;][vc_column_text]<\/p>\n<h3 class=\"default-title\">D\u00e9vloppement et caract\u00e9ristiques du Parc<\/h3>\n<p>Le Parc de Porto Selvaggio a \u00e9t\u00e9 cr\u00e9\u00e9 dans les ann\u00e9es Cinquante, gr\u00e2ce \u00e0 une intervention pour le reclassement du paysage men\u00e9 par l\u2019institution du Corpo Forestale dello Stato pour transformer cette zone, jusqu\u2019\u00e0 ce moment l\u00e0 occup\u00e9e par une \u00e9tendue de pierres, dans une for\u00eat touffue.<\/p>\n<p>L\u2019extension du parc d\u00e9passe 1.100 hectares, un quart desquels c\u2019est occup\u00e9 par une pin\u00e8de, principalement de pins d\u2019Alep. Le Parc s\u2019accroche \u00e0 la c<strong>\u00f4<\/strong>te pour 7 kilom\u00e8tres environ. Exactement dans cette partie il y a les attractions les plus belles, comme la <strong>Grotta del Cavallo (grotte du cheval),<\/strong>\u00a0t\u00e9moignage des premiers \u00e9tablissements urbains d\u2019il y a 35.000 ans, avec une s\u00e9rie de d\u00e9couvertes arch\u00e9ologiques.<br \/>\nLes grottes se trouvent en surface, mais aussi sous l\u2019eau. La cave sous-marine la plus saisissante c\u2019est la <strong>Grotta delle Corvine<\/strong>, avec sa riche faune \u2013 sargues, pagures, cypr\u00e9es.<\/p>\n<p><strong>\u00c0<\/strong> c<strong>\u00f4t\u00e9 des merveilles de la nature, dans le parc il y a trois tours de d\u00e9fense<\/strong> :\u00a0<strong>Torre dell\u2019Alto<\/strong>, <strong>Torre Inserraglio<\/strong>, <strong>Torre Uluzzu<\/strong>, les trois bien conserv\u00e9es. Le parc peut <strong>\u00eatre<\/strong> explor\u00e9 en parcourant de beaux itin\u00e9raires \u00e0 pied ou \u00e0 v\u00e9lo.[\/vc_column_text][vc_empty_space height=\u00a0\u00bb50&Prime;][\/vc_column][vc_column offset=\u00a0\u00bbvc_col-md-6&Prime; el_class=\u00a0\u00bbimg_chess\u00a0\u00bb][vc_single_image image=\u00a0\u00bb5131&Prime; img_size=\u00a0\u00bbfull\u00a0\u00bb alignment=\u00a0\u00bbcenter\u00a0\u00bb][\/vc_column][\/vc_row][vc_row][vc_column offset=\u00a0\u00bbvc_col-md-6&Prime; el_class=\u00a0\u00bbimg_chess\u00a0\u00bb][vc_single_image image=\u00a0\u00bb4541&Prime; img_size=\u00a0\u00bbfull\u00a0\u00bb alignment=\u00a0\u00bbcenter\u00a0\u00bb][\/vc_column][vc_column offset=\u00a0\u00bbvc_col-md-6&Prime; el_class=\u00a0\u00bbpadding_100&Prime;][vc_column_text]<\/p>\n<h3 class=\"default-title\">La Palude del Capitano<\/h3>\n<p>Le Parc de Porto Selvaggio comprend une zone de remarquable int\u00e9r<strong>\u00eat du paysage<\/strong>, connu comme\u00a0<strong>Palude del Capitano (le mar\u00e9cage du capitaine)<\/strong>.<\/p>\n<p>C\u2019est un miroir d\u2019eau probablement form\u00e9 \u00e0 partir de l\u2019effondrement d\u2019une ancienne cave, o\u00f9 les courants marines et les eaux fra<strong>\u00eeches de nappe phr\u00e9atique <\/strong>cohabitent.<\/p>\n<p><strong>Une<\/strong>\u00a0<strong>nature intacte <\/strong>c\u2019est la caract\u00e9ristique principale du mar\u00e9cage: une flore constitu\u00e9e par pins, cypr\u00e8s et graminac\u00e9es\u00a0; une faune constitu\u00e9e par l\u00e9zards, l\u00e9zards verts, cr\u00e9cerelles et fauvettes \u00e0 <strong>t\u00eate noire<\/strong>.<\/p>\n<p>[\/vc_column_text][\/vc_column][\/vc_row][vc_row css=\u00a0\u00bb.vc_custom_1616759009946{background-color: #f9f9f9 !important;}\u00a0\u00bb el_class=\u00a0\u00bbreverse_column\u00a0\u00bb][vc_column offset=\u00a0\u00bbvc_col-md-6&Prime; el_class=\u00a0\u00bbpadding_100&Prime;][vc_column_text]<\/p>\n<h3 class=\"default-title\">Voyage dan l\u2019histoire du Salento: Le Fermes Fortifi\u00e9es de Porto Selvaggio<\/h3>\n<p><strong>Porto Selvaggio<\/strong>\u00a0repr\u00e9sente une des parties les plus frappantes de la r\u00e9gion du\u00a0<strong>Salento<\/strong>, pour la pr\u00e9sence de son immense Parc, de ses belle baies, de ses fameuses fermes fortifi\u00e9es, constructions typiques de l\u2019\u00e9poque m\u00e9di\u00e9vale.<\/p>\n<h3 class=\"default-title\">L\u2019origine des fermes fotifi\u00e9es<\/h3>\n<p>Dans des \u00e9poques anciennes la r\u00e9gion du Salento \u00e9t\u00e9 envahie par les pirates saccageurs, dont l\u2019objet de sacs \u00e9taient les villes sur la mer comme Porto Selvaggio. <strong>\u00c0 partir du<\/strong> <strong>XV<sup>e<\/sup> si\u00e8cle<\/strong>, pour \u00e9craser l\u2019ennemi, on commen\u00e7a \u00e0 b<strong>\u00e2tir les Fermes Fortifi\u00e9es.<\/strong><\/p>\n<p>Les fermes traditionnelles, de propri\u00e9t\u00e9 de l\u2019aristocratie, \u00e9taient des exploitations agricoles dou\u00e9es de grands espaces pour toutes les activit\u00e9s rurales. La seule diff\u00e9rence entre les fermes traditionnelles et les fermes fortifies \u00e9tait le <strong>syst\u00e8me<\/strong> <strong>d\u00e9fensif <\/strong>du deuxi\u00e8me groupe.<\/p>\n<p>La fortification des fermes consistait \u00e0 b<strong>\u00e2tir des \u00e9tages<\/strong> additionnels, canalisations, parois robustes, pour assurer une majeure <strong>s\u00e9curit\u00e9<\/strong>, pour pr\u00e9venir les attaques des ennemis ou de r\u00e9sister pour des p\u00e9riodes plus longues en cas de bataille. La plupart des fermes fortifi\u00e9es \u00e9tait aussi <strong>surveill\u00e9es<\/strong> par les soldats et les chevaliers.[\/vc_column_text][\/vc_column][vc_column offset=\u00a0\u00bbvc_col-md-6&Prime; el_class=\u00a0\u00bbimg_chess\u00a0\u00bb][vc_single_image image=\u00a0\u00bb4542&Prime; img_size=\u00a0\u00bbfull\u00a0\u00bb alignment=\u00a0\u00bbcenter\u00a0\u00bb][\/vc_column][\/vc_row][vc_row][vc_column offset=\u00a0\u00bbvc_col-md-6&Prime; el_class=\u00a0\u00bbimg_chess\u00a0\u00bb][vc_single_image image=\u00a0\u00bb4543&Prime; img_size=\u00a0\u00bbfull\u00a0\u00bb alignment=\u00a0\u00bbcenter\u00a0\u00bb][\/vc_column][vc_column offset=\u00a0\u00bbvc_col-md-6&Prime; el_class=\u00a0\u00bbpadding_100&Prime;][vc_column_text]<\/p>\n<h3 class=\"default-title\">Les fermes aujourd\u2019hui<\/h3>\n<p>Dans les si\u00e8cles, et apr\u00e8s la fin du syst\u00e8me f\u00e9odal, les fermes fortifi\u00e9es ont perdu leur importance.<\/p>\n<p>Elles sont bien conserv\u00e9es aujourd\u2019hui, et elles ont gard\u00e9 leur <strong>aspect original<\/strong> car construites avec des structures technologiques excellentes.<\/p>\n<p>Les fermes fortifi\u00e9es sont \u00e0 pr\u00e9sent une <strong>attraction<\/strong> <strong>touristique <\/strong>et quelques-unes d\u2019entre eux ont \u00e9t\u00e9 transform\u00e9es dans diff\u00e9rentes activit\u00e9s d\u2019entreprise.<\/p>\n<p>Porto Selvaggio et ses alentours offrent une vari\u00e9t\u00e9 de fermes (<em>masserie<\/em> en italien) ouvertes aux visiteurs: l\u2019arr<strong>\u00eat<\/strong> parfait au cours d\u2019un itin\u00e9raire <strong>naturaliste et historique<\/strong> \u00e0 ne pas rater lors d\u2019une vacance en Salento.[\/vc_column_text][\/vc_column][\/vc_row][vc_row][vc_column][vc_empty_space height=\u00a0\u00bb50px\u00a0\u00bb][\/vc_column][\/vc_row]<\/p>\n<\/div>","protected":false},"excerpt":{"rendered":"<p>[vc_row content_width=\u00a0\u00bbgrid\u00a0\u00bb css=\u00a0\u00bb.vc_custom_1613728400132{padding-top: 119px !important;padding-bottom: 71px !important;}\u00a0\u00bb][vc_column][vc_column_text] Salento est une terre riche de merveilles. Il y a plusieurs Oasis immerg\u00e9es dans le vert, dont on peut mentionner : le Parc de Porto Selvaggio et la Palude del Capitano (Mar\u00e9cage du Capitaine), appartenant au territoire de Nard\u00f2. [\/vc_column_text][\/vc_column][\/vc_row][vc_row css=\u00a0\u00bb.vc_custom_1616759001881{background-color: #f9f9f9 !important;}\u00a0\u00bb el_class=\u00a0\u00bbreverse_column\u00a0\u00bb][vc_column offset=\u00a0\u00bbvc_col-md-6&Prime; el_class=\u00a0\u00bbpadding_100&Prime;][vc_empty_space height=\u00a0\u00bb15&Prime;][vc_column_text] D\u00e9vloppement et caract\u00e9ristiques du Parc Le Parc de Porto Selvaggio a \u00e9t\u00e9 cr\u00e9\u00e9 dans les ann\u00e9es Cinquante, gr\u00e2ce \u00e0 une intervention pour le reclassement du paysage men\u00e9 par l\u2019institution du Corpo Forestale dello Stato pour transformer [&hellip;]<\/p>\n","protected":false},"author":1,"featured_media":0,"parent":0,"menu_order":0,"comment_status":"closed","ping_status":"closed","template":"full-width.php","meta":{"footnotes":""},"class_list":["post-5399","page","type-page","status-publish","hentry"],"yoast_head":"<!-- This site is optimized with the Yoast SEO plugin v27.4 - https:\/\/yoast.com\/product\/yoast-seo-wordpress\/ -->\n<title>Porto Selvaggio - Un paradis dans le Salento<\/title>\n<meta name=\"description\" content=\"Porto Selvaggio et son paysage vous conqu\u00e9riront. Choisissez Porto Selvaggio comme destination pour vos vacances dans le Salento.\" \/>\n<meta name=\"robots\" content=\"index, follow, max-snippet:-1, max-image-preview:large, max-video-preview:-1\" \/>\n<link rel=\"canonical\" href=\"https:\/\/www.portoselvaggioresort.it\/fr\/porto-selvaggio\/\" \/>\n<meta property=\"og:locale\" content=\"fr_FR\" \/>\n<meta property=\"og:type\" content=\"article\" \/>\n<meta property=\"og:title\" content=\"Porto Selvaggio - Un paradis dans le Salento\" \/>\n<meta property=\"og:description\" content=\"Porto Selvaggio et son paysage vous conqu\u00e9riront. Choisissez Porto Selvaggio comme destination pour vos vacances dans le Salento.\" \/>\n<meta property=\"og:url\" content=\"https:\/\/www.portoselvaggioresort.it\/fr\/porto-selvaggio\/\" \/>\n<meta property=\"og:site_name\" content=\"Porto Selvaggio\" \/>\n<meta property=\"article:modified_time\" content=\"2021-03-26T11:43:47+00:00\" \/>\n<meta name=\"twitter:card\" content=\"summary_large_image\" \/>\n<!-- \/ Yoast SEO plugin. -->","yoast_head_json":{"title":"Porto Selvaggio - Un paradis dans le Salento","description":"Porto Selvaggio et son paysage vous conqu\u00e9riront. Choisissez Porto Selvaggio comme destination pour vos vacances dans le Salento.","robots":{"index":"index","follow":"follow","max-snippet":"max-snippet:-1","max-image-preview":"max-image-preview:large","max-video-preview":"max-video-preview:-1"},"canonical":"https:\/\/www.portoselvaggioresort.it\/fr\/porto-selvaggio\/","og_locale":"fr_FR","og_type":"article","og_title":"Porto Selvaggio - Un paradis dans le Salento","og_description":"Porto Selvaggio et son paysage vous conqu\u00e9riront. Choisissez Porto Selvaggio comme destination pour vos vacances dans le Salento.","og_url":"https:\/\/www.portoselvaggioresort.it\/fr\/porto-selvaggio\/","og_site_name":"Porto Selvaggio","article_modified_time":"2021-03-26T11:43:47+00:00","twitter_card":"summary_large_image","schema":{"@context":"https:\/\/schema.org","@graph":[{"@type":"WebPage","@id":"https:\/\/www.portoselvaggioresort.it\/fr\/porto-selvaggio\/","url":"https:\/\/www.portoselvaggioresort.it\/fr\/porto-selvaggio\/","name":"Porto Selvaggio - Un paradis dans le Salento","isPartOf":{"@id":"https:\/\/www.portoselvaggioresort.it\/#website"},"datePublished":"2021-03-23T13:26:14+00:00","dateModified":"2021-03-26T11:43:47+00:00","description":"Porto Selvaggio et son paysage vous conqu\u00e9riront. Choisissez Porto Selvaggio comme destination pour vos vacances dans le Salento.","breadcrumb":{"@id":"https:\/\/www.portoselvaggioresort.it\/fr\/porto-selvaggio\/#breadcrumb"},"inLanguage":"fr-FR","potentialAction":[{"@type":"ReadAction","target":["https:\/\/www.portoselvaggioresort.it\/fr\/porto-selvaggio\/"]}]},{"@type":"BreadcrumbList","@id":"https:\/\/www.portoselvaggioresort.it\/fr\/porto-selvaggio\/#breadcrumb","itemListElement":[{"@type":"ListItem","position":1,"name":"Home","item":"https:\/\/www.portoselvaggioresort.it\/fr\/"},{"@type":"ListItem","position":2,"name":"60"}]},{"@type":"WebSite","@id":"https:\/\/www.portoselvaggioresort.it\/#website","url":"https:\/\/www.portoselvaggioresort.it\/","name":"Porto Selvaggio","description":"","potentialAction":[{"@type":"SearchAction","target":{"@type":"EntryPoint","urlTemplate":"https:\/\/www.portoselvaggioresort.it\/?s={search_term_string}"},"query-input":{"@type":"PropertyValueSpecification","valueRequired":true,"valueName":"search_term_string"}}],"inLanguage":"fr-FR"}]}},"_links":{"self":[{"href":"https:\/\/www.portoselvaggioresort.it\/fr\/wp-json\/wp\/v2\/pages\/5399","targetHints":{"allow":["GET"]}}],"collection":[{"href":"https:\/\/www.portoselvaggioresort.it\/fr\/wp-json\/wp\/v2\/pages"}],"about":[{"href":"https:\/\/www.portoselvaggioresort.it\/fr\/wp-json\/wp\/v2\/types\/page"}],"author":[{"embeddable":true,"href":"https:\/\/www.portoselvaggioresort.it\/fr\/wp-json\/wp\/v2\/users\/1"}],"replies":[{"embeddable":true,"href":"https:\/\/www.portoselvaggioresort.it\/fr\/wp-json\/wp\/v2\/comments?post=5399"}],"version-history":[{"count":3,"href":"https:\/\/www.portoselvaggioresort.it\/fr\/wp-json\/wp\/v2\/pages\/5399\/revisions"}],"predecessor-version":[{"id":5896,"href":"https:\/\/www.portoselvaggioresort.it\/fr\/wp-json\/wp\/v2\/pages\/5399\/revisions\/5896"}],"wp:attachment":[{"href":"https:\/\/www.portoselvaggioresort.it\/fr\/wp-json\/wp\/v2\/media?parent=5399"}],"curies":[{"name":"wp","href":"https:\/\/api.w.org\/{rel}","templated":true}]}}